{"id":39,"date":"2017-04-11T12:00:01","date_gmt":"2017-04-11T10:00:01","guid":{"rendered":"http:\/\/www.uturf.se\/?page_id=39"},"modified":"2026-01-13T19:57:26","modified_gmt":"2026-01-13T18:57:26","slug":"startsida","status":"publish","type":"page","link":"https:\/\/www.uturf.se\/","title":{"rendered":"V\u00e4lkomna till Turf V\u00e4stmanland"},"content":{"rendered":"\n<figure class=\"wp-block-image size-large\"><img loading=\"lazy\" decoding=\"async\" width=\"1024\" height=\"614\" src=\"https:\/\/www.uturf.se\/wp-content\/uploads\/2026\/01\/inbjudan-2025-lusseturf1-kopiera-1024x614.jpg\" alt=\"\" class=\"wp-image-56789\" srcset=\"https:\/\/www.uturf.se\/wp-content\/uploads\/2026\/01\/inbjudan-2025-lusseturf1-kopiera-1024x614.jpg 1024w, https:\/\/www.uturf.se\/wp-content\/uploads\/2026\/01\/inbjudan-2025-lusseturf1-kopiera-300x180.jpg 300w, https:\/\/www.uturf.se\/wp-content\/uploads\/2026\/01\/inbjudan-2025-lusseturf1-kopiera-768x461.jpg 768w, https:\/\/www.uturf.se\/wp-content\/uploads\/2026\/01\/inbjudan-2025-lusseturf1-kopiera-1536x922.jpg 1536w, https:\/\/www.uturf.se\/wp-content\/uploads\/2026\/01\/inbjudan-2025-lusseturf1-kopiera-500x300.jpg 500w, https:\/\/www.uturf.se\/wp-content\/uploads\/2026\/01\/inbjudan-2025-lusseturf1-kopiera.jpg 1720w\" sizes=\"auto, (max-width: 1024px) 100vw, 1024px\" \/><figcaption class=\"wp-element-caption\">Screenshot<\/figcaption><\/figure>\n\n\n\n<p><\/p>\n\n\n\n<p><\/p>\n\n\n\n<p><\/p>\n\n\n\n<p><\/p>\n\n\n\n<p><\/p>\n\n\n\n<p>D\u00e5 \u00e4r \u00e5rets LusseTurf genomf\u00f6rd.<\/p>\n\n\n\n<p>Vi valde i \u00e5r att byta stad, valet f\u00f6ll p\u00e5 Sala.<br>Det blev ett positivt arrangemang d\u00e4r ett 40-tal turfare gjorde upp om segern.<\/p>\n\n\n\n<p>H\u00e4r nedan visas pallplats-vinnarna<\/p>\n\n\n\n<p>fr\u00e5n v\u00e4nster: 3:an romi, 1:an JoelOsteen, 2:an ripe<\/p>\n\n\n\n<p>Hela resultatlistan finns h\u00e4r: <a href=\"https:\/\/turfgame.com\/event_old?id=6438\"><strong>Lusseturf2025<\/strong><\/a><\/p>\n\n\n\n<figure class=\"wp-block-image size-large\"><img loading=\"lazy\" decoding=\"async\" width=\"1024\" height=\"771\" src=\"https:\/\/www.uturf.se\/wp-content\/uploads\/2025\/12\/lusseturf2025-1024x771.jpg\" alt=\"\" class=\"wp-image-56774\" srcset=\"https:\/\/www.uturf.se\/wp-content\/uploads\/2025\/12\/lusseturf2025-1024x771.jpg 1024w, https:\/\/www.uturf.se\/wp-content\/uploads\/2025\/12\/lusseturf2025-300x226.jpg 300w, https:\/\/www.uturf.se\/wp-content\/uploads\/2025\/12\/lusseturf2025-768x578.jpg 768w, https:\/\/www.uturf.se\/wp-content\/uploads\/2025\/12\/lusseturf2025-1536x1157.jpg 1536w, https:\/\/www.uturf.se\/wp-content\/uploads\/2025\/12\/lusseturf2025-398x300.jpg 398w, https:\/\/www.uturf.se\/wp-content\/uploads\/2025\/12\/lusseturf2025.jpg 2048w\" sizes=\"auto, (max-width: 1024px) 100vw, 1024px\" \/><\/figure>\n\n\n\n<figure class=\"wp-block-image size-large\"><img loading=\"lazy\" decoding=\"async\" width=\"1024\" height=\"482\" src=\"https:\/\/www.uturf.se\/wp-content\/uploads\/2025\/12\/Skarmavbild-2025-12-09-kl.-11.28.11-1024x482.png\" alt=\"\" class=\"wp-image-56776\" srcset=\"https:\/\/www.uturf.se\/wp-content\/uploads\/2025\/12\/Skarmavbild-2025-12-09-kl.-11.28.11-1024x482.png 1024w, https:\/\/www.uturf.se\/wp-content\/uploads\/2025\/12\/Skarmavbild-2025-12-09-kl.-11.28.11-300x141.png 300w, https:\/\/www.uturf.se\/wp-content\/uploads\/2025\/12\/Skarmavbild-2025-12-09-kl.-11.28.11-768x361.png 768w, https:\/\/www.uturf.se\/wp-content\/uploads\/2025\/12\/Skarmavbild-2025-12-09-kl.-11.28.11-1536x722.png 1536w, https:\/\/www.uturf.se\/wp-content\/uploads\/2025\/12\/Skarmavbild-2025-12-09-kl.-11.28.11-2048x963.png 2048w, https:\/\/www.uturf.se\/wp-content\/uploads\/2025\/12\/Skarmavbild-2025-12-09-kl.-11.28.11-500x235.png 500w\" sizes=\"auto, (max-width: 1024px) 100vw, 1024px\" \/><\/figure>\n","protected":false},"excerpt":{"rendered":"<p>D\u00e5 \u00e4r \u00e5rets LusseTurf genomf\u00f6rd. Vi valde i \u00e5r att byta stad, valet f\u00f6ll p\u00e5 Sala.Det blev ett positivt arrangemang d\u00e4r ett 40-tal turfare gjorde upp om segern. H\u00e4r nedan visas pallplats-vinnarna fr\u00e5n v\u00e4nster: 3:an romi, 1:an JoelOsteen, 2:an ripe &hellip; <a href=\"https:\/\/www.uturf.se\/\">Forts\u00e4tt l\u00e4sa <span class=\"meta-nav\">&rarr;<\/span><\/a><\/p>\n","protected":false},"author":10,"featured_media":0,"parent":0,"menu_order":0,"comment_status":"closed","ping_status":"closed","template":"","meta":{"footnotes":""},"class_list":["post-39","page","type-page","status-publish","hentry"],"_links":{"self":[{"href":"https:\/\/www.uturf.se\/index.php?rest_route=\/wp\/v2\/pages\/39","targetHints":{"allow":["GET"]}}],"collection":[{"href":"https:\/\/www.uturf.se\/index.php?rest_route=\/wp\/v2\/pages"}],"about":[{"href":"https:\/\/www.uturf.se\/index.php?rest_route=\/wp\/v2\/types\/page"}],"author":[{"embeddable":true,"href":"https:\/\/www.uturf.se\/index.php?rest_route=\/wp\/v2\/users\/10"}],"replies":[{"embeddable":true,"href":"https:\/\/www.uturf.se\/index.php?rest_route=%2Fwp%2Fv2%2Fcomments&post=39"}],"version-history":[{"count":118,"href":"https:\/\/www.uturf.se\/index.php?rest_route=\/wp\/v2\/pages\/39\/revisions"}],"predecessor-version":[{"id":56790,"href":"https:\/\/www.uturf.se\/index.php?rest_route=\/wp\/v2\/pages\/39\/revisions\/56790"}],"wp:attachment":[{"href":"https:\/\/www.uturf.se\/index.php?rest_route=%2Fwp%2Fv2%2Fmedia&parent=39"}],"curies":[{"name":"wp","href":"https:\/\/api.w.org\/{rel}","templated":true}]}}