{"id":54055,"date":"2017-05-30T22:08:18","date_gmt":"2017-05-30T20:08:18","guid":{"rendered":"http:\/\/www.uturf.se\/?page_id=54055"},"modified":"2025-01-10T21:50:49","modified_gmt":"2025-01-10T20:50:49","slug":"lankar","status":"publish","type":"page","link":"https:\/\/www.uturf.se\/?page_id=54055","title":{"rendered":"L\u00e4nkar"},"content":{"rendered":"<p>&nbsp;<\/p>\n<h2>L\u00e4nkar<\/h2>\n<p>H\u00e4r f\u00f6rs\u00f6ker vi samla alla l\u00e4nkar vi hittar till turfrelaterade hemsidor och applikationer[<\/p>\n<p><strong>Appen<br \/><\/strong><a href=\"https:\/\/itunes.apple.com\/se\/app\/turf\/id651577273?mt=8\" target=\"_blank\" rel=\"noopener noreferrer\">iPhone<\/a><br \/><a href=\"https:\/\/play.google.com\/store\/apps\/details?id=se.turfwars.android&amp;hl=sv\" target=\"_blank\" rel=\"noopener noreferrer\">Android<\/a><\/p>\n<p><strong>Turff\u00f6reningar<br \/><\/strong><a href=\"https:\/\/turfuppsala.se\/\">Turf Uppsala<\/a><br \/><a href=\"http:\/\/www.turfskane.se\/\" target=\"_blank\" rel=\"noopener noreferrer\">Turf Sk\u00e5ne<br \/><\/a><a href=\"http:\/\/gbgturf.se\/\" target=\"_blank\" rel=\"noopener noreferrer\">GBG Turfers<br \/><\/a><a href=\"http:\/\/kalmarturf.se\/\" target=\"_blank\" rel=\"noopener noreferrer\">Kalmar Turff\u00f6rening<br \/><\/a><a href=\"http:\/\/jonkopings-turfsallskap.webnode.se\/\" target=\"_blank\" rel=\"noopener noreferrer\">Jkpg Turf<br \/><\/a><a href=\"http:\/\/turfkarlstad.se\/\" target=\"_blank\" rel=\"noopener noreferrer\">Turf Karlstad<br \/><\/a><a href=\"http:\/\/nyheter.turf08.se\/\" target=\"_blank\" rel=\"noopener noreferrer\">Turf 08<\/a><\/p>\n<p><strong>3:e-partsutvecklade webbapplikationer<\/strong><br \/><a title=\"Turf Map Tool\" href=\"https:\/\/turf.urbangeeks.org\/\" target=\"_blank\" rel=\"noopener noreferrer\">Turf Map Tool<br \/><\/a><a title=\"Turf Tuner\" href=\"https:\/\/turftuner.urbangeeks.org\/\" target=\"_blank\" rel=\"noopener noreferrer\">Turf Tuner<\/a><a title=\"Turf User Statistics\" href=\"https:\/\/play.google.com\/store\/apps\/details?id=com.heapplications.turf_user_statistics\" target=\"_blank\" rel=\"noopener noreferrer\"><br \/><\/a><a title=\"Turf Session Tool\" href=\"http:\/\/turfsession.appspot.com\/\" target=\"_blank\" rel=\"noopener noreferrer\">Turf Session Tool<br \/><\/a><a href=\"http:\/\/frut.zundin.se\/unika.php\" target=\"_blank\" rel=\"noopener noreferrer\">Omg\u00e5ngsunika<br \/><\/a><a href=\"http:\/\/turfzone.se\/\" target=\"_blank\" rel=\"noopener noreferrer\">Turfzone.se<br \/><\/a><a href=\"http:\/\/verktygen.com\/turf-analyzer\/\" target=\"_blank\" rel=\"noopener noreferrer\">Turf-analyzer<\/a><br \/><a href=\"https:\/\/www.turfportalen.se\/\" target=\"_blank\" rel=\"noopener noreferrer\">Turfportalen<br \/><\/a><a href=\"http:\/\/lundkvist.com\" target=\"_blank\" rel=\"noopener noreferrer\">Lundkvist.com<\/a><\/p>\n<p><strong>Androidappar<\/strong><br \/><a title=\"TurfWidget\" href=\"https:\/\/play.google.com\/store\/apps\/details?id=com.turfgame.widget\" target=\"_blank\" rel=\"noopener noreferrer\">TurfWidget<br \/><\/a><a title=\"Turf User Statistics\" href=\"https:\/\/play.google.com\/store\/apps\/details?id=com.heapplications.turf_user_statistics\" target=\"_blank\" rel=\"noopener noreferrer\">Turf User Statistics<\/a><\/p>\n<p><strong>Statistik och hj\u00e4lpverktyg<\/strong><br \/><a href=\"http:\/\/warded.se\/turf\">Warded<\/a><\/p>\n<p><strong>Gamla turfbloggar\/nyheter\u00a0<\/strong><br \/><a href=\"http:\/\/peekatvasteras.blogspot.se\/\" target=\"_blank\" rel=\"noopener noreferrer\">Peek en turfare i V\u00e4ster\u00e5s<br \/><\/a><a href=\"http:\/\/velocipedryttaren.blogg.se\/\" target=\"_blank\" rel=\"noopener noreferrer\">Velocipedryttaren<br \/><\/a><a href=\"https:\/\/rakelssmaaventyr.wordpress.com\" target=\"_blank\" rel=\"noopener noreferrer\">Rakels sm\u00e5 \u00e4ventyr<br \/><\/a><a href=\"https:\/\/snabelanna.wordpress.com\/2017\/06\/05\/omstart-4-juni\/\" target=\"_blank\" rel=\"noopener noreferrer\">Bara en zon till<\/a><a href=\"http:\/\/turf24.se\/\" target=\"_blank\" rel=\"noopener noreferrer\"><br \/><\/a><a href=\"http:\/\/jkje.bloggo.nu\/\" target=\"_blank\" rel=\"noopener noreferrer\">JKJE p\u00e5 \u00e4ventyr<br \/><\/a><a href=\"https:\/\/cykologen.com\" target=\"_blank\" rel=\"noopener noreferrer\">Cykologen<\/a><a href=\"http:\/\/turf24.se\/\" target=\"_blank\" rel=\"noopener noreferrer\"><br \/>Turf24<\/a><\/p>\n\n\n<p><\/p>\n","protected":false},"excerpt":{"rendered":"<p>&nbsp; L\u00e4nkar H\u00e4r f\u00f6rs\u00f6ker vi samla alla l\u00e4nkar vi hittar till turfrelaterade hemsidor och applikationer[ AppeniPhoneAndroid Turff\u00f6reningarTurf UppsalaTurf Sk\u00e5neGBG TurfersKalmar Turff\u00f6reningJkpg TurfTurf KarlstadTurf 08 3:e-partsutvecklade webbapplikationerTurf Map ToolTurf TunerTurf Session ToolOmg\u00e5ngsunikaTurfzone.seTurf-analyzerTurfportalenLundkvist.com AndroidapparTurfWidgetTurf User Statistics Statistik och hj\u00e4lpverktygWarded Gamla turfbloggar\/nyheter\u00a0Peek en &hellip; <a href=\"https:\/\/www.uturf.se\/?page_id=54055\">Forts\u00e4tt l\u00e4sa <span class=\"meta-nav\">&rarr;<\/span><\/a><\/p>\n","protected":false},"author":2,"featured_media":0,"parent":0,"menu_order":0,"comment_status":"closed","ping_status":"closed","template":"","meta":{"footnotes":""},"class_list":["post-54055","page","type-page","status-publish","hentry"],"_links":{"self":[{"href":"https:\/\/www.uturf.se\/index.php?rest_route=\/wp\/v2\/pages\/54055","targetHints":{"allow":["GET"]}}],"collection":[{"href":"https:\/\/www.uturf.se\/index.php?rest_route=\/wp\/v2\/pages"}],"about":[{"href":"https:\/\/www.uturf.se\/index.php?rest_route=\/wp\/v2\/types\/page"}],"author":[{"embeddable":true,"href":"https:\/\/www.uturf.se\/index.php?rest_route=\/wp\/v2\/users\/2"}],"replies":[{"embeddable":true,"href":"https:\/\/www.uturf.se\/index.php?rest_route=%2Fwp%2Fv2%2Fcomments&post=54055"}],"version-history":[{"count":20,"href":"https:\/\/www.uturf.se\/index.php?rest_route=\/wp\/v2\/pages\/54055\/revisions"}],"predecessor-version":[{"id":56746,"href":"https:\/\/www.uturf.se\/index.php?rest_route=\/wp\/v2\/pages\/54055\/revisions\/56746"}],"wp:attachment":[{"href":"https:\/\/www.uturf.se\/index.php?rest_route=%2Fwp%2Fv2%2Fmedia&parent=54055"}],"curies":[{"name":"wp","href":"https:\/\/api.w.org\/{rel}","templated":true}]}}