{"id":54802,"date":"2017-12-09T09:48:45","date_gmt":"2017-12-09T08:48:45","guid":{"rendered":"http:\/\/www.uturf.se\/?page_id=54802"},"modified":"2017-12-09T10:08:43","modified_gmt":"2017-12-09T09:08:43","slug":"bonanza","status":"publish","type":"page","link":"https:\/\/www.uturf.se\/?page_id=54802","title":{"rendered":"Bonanza"},"content":{"rendered":"<h2>Bonanza 2018<\/h2>\n<p><span class=\"font-377884\"><strong>Mer info kommer l\u00f6pande p\u00e5 denna sida.<\/strong><\/span><\/p>\n<p>Styrelsen ihop med medlemmar i Turf V\u00e4stmanland h\u00e5ller p\u00e5 att bygga upp en organisation kring\u00a0 det kommande eventet. Det finns mycket att g\u00f6ra och vi beh\u00f6ver all hj\u00e4lp vi kan f\u00e5. B\u00e5de vad det g\u00e4ller rent praktiska saker men ocks\u00e5 att hitta sponsorer, kontakt med media m.m. Vill du vara med och hj\u00e4lpa till? Kontakta d\u00e5 n\u00e5gon i styrelsen eller maila <a href=\"mailto:kontakt@uturf.se\">kontakt@uturf.se<\/a><\/p>\n<p><strong>Under tiden kan du anm\u00e4la dig till nyhetsbrevet f\u00f6r Bonanza 2018 d\u00e4r vi kommer skicka ut mer information s\u00e5 fort saker b\u00f6rjar falla p\u00e5 plats:<\/strong><\/p>\n<p>[ninja_form id=14]<\/p>\n<p>&nbsp;<\/p>\n<p>&nbsp;<\/p>\n<p>&nbsp;<\/p>\n<p>&nbsp;<\/p>\n","protected":false},"excerpt":{"rendered":"<p>Bonanza 2018 Mer info kommer l\u00f6pande p\u00e5 denna sida. Styrelsen ihop med medlemmar i Turf V\u00e4stmanland h\u00e5ller p\u00e5 att bygga upp en organisation kring\u00a0 det kommande eventet. Det finns mycket att g\u00f6ra och vi beh\u00f6ver all hj\u00e4lp vi kan f\u00e5. &hellip; <a href=\"https:\/\/www.uturf.se\/?page_id=54802\">Forts\u00e4tt l\u00e4sa <span class=\"meta-nav\">&rarr;<\/span><\/a><\/p>\n","protected":false},"author":2,"featured_media":0,"parent":0,"menu_order":0,"comment_status":"closed","ping_status":"closed","template":"","meta":{"footnotes":""},"class_list":["post-54802","page","type-page","status-publish","hentry"],"_links":{"self":[{"href":"https:\/\/www.uturf.se\/index.php?rest_route=\/wp\/v2\/pages\/54802","targetHints":{"allow":["GET"]}}],"collection":[{"href":"https:\/\/www.uturf.se\/index.php?rest_route=\/wp\/v2\/pages"}],"about":[{"href":"https:\/\/www.uturf.se\/index.php?rest_route=\/wp\/v2\/types\/page"}],"author":[{"embeddable":true,"href":"https:\/\/www.uturf.se\/index.php?rest_route=\/wp\/v2\/users\/2"}],"replies":[{"embeddable":true,"href":"https:\/\/www.uturf.se\/index.php?rest_route=%2Fwp%2Fv2%2Fcomments&post=54802"}],"version-history":[{"count":6,"href":"https:\/\/www.uturf.se\/index.php?rest_route=\/wp\/v2\/pages\/54802\/revisions"}],"predecessor-version":[{"id":54811,"href":"https:\/\/www.uturf.se\/index.php?rest_route=\/wp\/v2\/pages\/54802\/revisions\/54811"}],"wp:attachment":[{"href":"https:\/\/www.uturf.se\/index.php?rest_route=%2Fwp%2Fv2%2Fmedia&parent=54802"}],"curies":[{"name":"wp","href":"https:\/\/api.w.org\/{rel}","templated":true}]}}