{"id":55848,"date":"2019-11-11T11:27:11","date_gmt":"2019-11-11T10:27:11","guid":{"rendered":"http:\/\/www.uturf.se\/?page_id=55848"},"modified":"2021-11-22T07:24:32","modified_gmt":"2021-11-22T06:24:32","slug":"lusseturf-2017-2-2","status":"publish","type":"page","link":"https:\/\/www.uturf.se\/?page_id=55848","title":{"rendered":"Lusseturf 2021"},"content":{"rendered":"<p>[vc_row][vc_column width=&#8221;2\/3&#8243;][vc_column_text]<\/p>\n<div class=\"postbody\">\n<div id=\"post_content52815\">\n<div class=\"content\">\n<h2>Lusseturf 2021<\/h2>\n<p>Ett av Turfv\u00e4rldens \u00e4ldsta event Lusseturf \u00e4r tillbaks f\u00f6r 9:e \u00e5ret i rad. Efter f\u00f6rra \u00e5rets specialvariant s\u00e5 \u00e4r vi nu tillbaka i dess ursprungliga form. S\u00e5 rota fram b\u00e4sta skorna och varmaste m\u00f6ssan. S\u00e5 ses vi som vanligt i V\u00e4ster\u00e5s skogar. Jagar lite zoner, \u00e4ter lussebullar och dricker gl\u00f6gg. T\u00e4vlingen p\u00e5g\u00e5r i tv\u00e5 timmar. Under dessa tv\u00e5 timmar ska du till fots ta s\u00e5 m\u00e5nga av de speciella zonerna med jultema. Den som har flest po\u00e4ng n\u00e4r klockan sl\u00e5r 13 blir vinnare! Alla som deltar f\u00e5r eventmedaljen. V\u00e4l m\u00f6tt! \/Lussturfteamet och Turf V\u00e4stmanland (uTurf)<\/p>\n<p>Om eventet:<\/p>\n<ul>\n<li><strong>N\u00e4r?\u00a0<\/strong>S\u00f6ndagen den 12 december 2021<\/li>\n<li><strong>Tid!<\/strong> Eventet h\u00e5ller p\u00e5 klockan 10 &#8211; 14 och sj\u00e4lva t\u00e4vlingen p\u00e5g\u00e5r klockan 11- 13<\/li>\n<li><strong>Var? <\/strong>V\u00e4ster\u00e5s. Samling fr\u00e5n klockan 10 vid Orientalen (brevid zonen Orientalen), \u00d6nstav\u00e4gen 1 i V\u00e4ster\u00e5s. <a class=\"postlink\" href=\"https:\/\/goo.gl\/maps\/6eyqq5V6TxP2\">https:\/\/goo.gl\/maps\/6eyqq5V6TxP2<\/a><\/li>\n<li>Det finns gott om parkeringar men vi rekommenderar de som kan att v\u00e4lja annat f\u00e4rds\u00e4tt \u00e4n bil.<\/li>\n<li>Kl\u00e4der efter v\u00e4der och att\u00a0kl\u00e4 sig i luciatema uppskattas av arrang\u00f6rerna.<\/li>\n<li>Lussebullar, pepparkakor, gl\u00f6gg och must kommer serveras efter kl 13.<\/li>\n<li>F\u00f6rs\u00e4ljning av uTurf m\u00f6ssor, buffar och litet restlager av T-shirts.<\/li>\n<\/ul>\n<p><strong>Startavgift?\u00a0<\/strong>Gratis f\u00f6r alla att delta! Men till de som betalar anm\u00e4lningsavgift bjuds det p\u00e5 gl\u00f6gg, lussebullar och pepparkakor. Statyetter till pallplatserna och specialpris f\u00f6r t\u00e4vling i t\u00e4vlingen.\u00a0<strong>F\u00f6ranm\u00e4lan kostar\u00a050 kr<\/strong>. Har du inte gjort n\u00e5gon f\u00f6ranm\u00e4lan kostar det\u00a0<strong>80 kr<\/strong> att anm\u00e4la dig p\u00e5 plats under eventdagen. <strong>Medlemmar i F\u00f6reningen Turf V\u00e4stmanland (uTurf) betalar 20 kr <mark><span style=\"color: #0000ff;\"><a style=\"color: #0000ff;\" href=\"https:\/\/www.uturf.se\/?page_id=54332\">Bli medlem h\u00e4r<\/a><\/span><\/mark>\u00a0. Blir du medlem p\u00e5 plats bjuder vi p\u00e5 eventkostnaden.<\/strong>\u00a0Pengarna fr\u00e5n anm\u00e4lningsavgiften t\u00e4cker de utgifter vi har f\u00f6r att skapa eventet. Eventuellt \u00f6verskott g\u00e5r\u00a0till F\u00f6reningen Turf V\u00e4stmanlands eventkassa\u00a0och anv\u00e4nds f\u00f6r att anordna event i f\u00f6reningens regi. Sista dag f\u00f6r f\u00f6ranm\u00e4lan \u00e4r den <strong>10:e december.<\/strong><\/p>\n<p><strong>OBS!\u00a0<\/strong>Tillg\u00e5ng till vatten finns i lokalen och granne ligger \u00d6nsta Pizzeria som serverar varm mat.\u00a0Ingen f\u00f6rs\u00e4ljning av mat eller\u00a0dryck kommer att ske inne i orientalen, endast fika f\u00f6r medlemmar och betalande deltagare.<\/p>\n<\/div>\n<div class=\"content\">\n<p>I lokalen finns tillg\u00e5ng till toaletter, omkl\u00e4dningsrum, dusch och bastu.<\/p>\n<p><strong>Anm\u00e4lan<\/strong>\u00a0Sker i\u00a0formul\u00e4ret h\u00e4r p\u00e5 sidan. Inbetalning sker till\u00a0<strong>Swish 123 499 72 43<\/strong>\u00a0eller\u00a0<strong>Bankgiro 376-7233<\/strong>.\u00a0 Om inbetalningen inte inkommer senast 5 dagar fr\u00e5n anm\u00e4lan kommer du att f\u00e5 p\u00e5minnelse via e-post.<\/p>\n<p><strong>Ta sig till eventet med kommunala\u00a0f\u00e4rdmedel:<\/strong>\u00a0F\u00f6r er som kommer med t\u00e5g till V\u00e4ster\u00e5s, s\u00e5 g\u00e5r det flera bussar som stannar i n\u00e4rheten av startplatsen. Fr\u00e5n h\u00e5llplats C vid stationen tar ni n\u00e5gon av f\u00f6ljande bussar: Linje 2 mot Norra Gryta och hoppar av vid h\u00e5llplats Illerv\u00e4gen. Linje 6 mot R\u00f6nnby och hoppar av vid h\u00e5llplats \u00c5shagen. Man kan k\u00f6pa biljett ombord (dyrt) p\u00e5 bussarna eller via VLs-app (billigare).<\/p>\n<\/div>\n<\/div>\n<\/div>\n<div class=\"back2top\"><\/div>\n<p>[\/vc_column_text][\/vc_column][vc_column width=&#8221;1\/3&#8243;][vc_wp_text][ninja_form id=24][\/vc_wp_text][\/vc_column][\/vc_row]<\/p>\n","protected":false},"excerpt":{"rendered":"<p>[vc_row][vc_column width=&#8221;2\/3&#8243;][vc_column_text] Lusseturf 2021 Ett av Turfv\u00e4rldens \u00e4ldsta event Lusseturf \u00e4r tillbaks f\u00f6r 9:e \u00e5ret i rad. Efter f\u00f6rra \u00e5rets specialvariant s\u00e5 \u00e4r vi nu tillbaka i dess ursprungliga form. S\u00e5 rota fram b\u00e4sta skorna och varmaste m\u00f6ssan. S\u00e5 ses &hellip; <a href=\"https:\/\/www.uturf.se\/?page_id=55848\">Forts\u00e4tt l\u00e4sa <span class=\"meta-nav\">&rarr;<\/span><\/a><\/p>\n","protected":false},"author":2,"featured_media":56308,"parent":0,"menu_order":0,"comment_status":"closed","ping_status":"closed","template":"","meta":{"footnotes":""},"class_list":["post-55848","page","type-page","status-publish","has-post-thumbnail","hentry"],"_links":{"self":[{"href":"https:\/\/www.uturf.se\/index.php?rest_route=\/wp\/v2\/pages\/55848","targetHints":{"allow":["GET"]}}],"collection":[{"href":"https:\/\/www.uturf.se\/index.php?rest_route=\/wp\/v2\/pages"}],"about":[{"href":"https:\/\/www.uturf.se\/index.php?rest_route=\/wp\/v2\/types\/page"}],"author":[{"embeddable":true,"href":"https:\/\/www.uturf.se\/index.php?rest_route=\/wp\/v2\/users\/2"}],"replies":[{"embeddable":true,"href":"https:\/\/www.uturf.se\/index.php?rest_route=%2Fwp%2Fv2%2Fcomments&post=55848"}],"version-history":[{"count":12,"href":"https:\/\/www.uturf.se\/index.php?rest_route=\/wp\/v2\/pages\/55848\/revisions"}],"predecessor-version":[{"id":56338,"href":"https:\/\/www.uturf.se\/index.php?rest_route=\/wp\/v2\/pages\/55848\/revisions\/56338"}],"wp:featuredmedia":[{"embeddable":true,"href":"https:\/\/www.uturf.se\/index.php?rest_route=\/wp\/v2\/media\/56308"}],"wp:attachment":[{"href":"https:\/\/www.uturf.se\/index.php?rest_route=%2Fwp%2Fv2%2Fmedia&parent=55848"}],"curies":[{"name":"wp","href":"https:\/\/api.w.org\/{rel}","templated":true}]}}